{"id":49,"date":"2022-11-30T18:55:23","date_gmt":"2022-11-30T17:55:23","guid":{"rendered":"https:\/\/www.sementis.fr\/?page_id=49"},"modified":"2024-06-14T13:59:58","modified_gmt":"2024-06-14T12:59:58","slug":"legal-information","status":"publish","type":"page","link":"https:\/\/www.sementis.fr\/en\/legal-information\/","title":{"rendered":"Legal information"},"content":{"rendered":"\n<p data-block-type=\"core\"><\/p>\n\n\n\n<div class=\"wp-block-stackable-heading stk-block-heading stk-block-heading--v2 stk-block stk-cab1127\" id=\"legal-information\" data-block-id=\"cab1127\"><style>.stk-cab1127{margin-bottom:5% !important}<\/style><h1 class=\"stk-block-heading__text has-text-align-center\">Legal information<\/h1><\/div>\n\n\n\n<div class=\"wp-block-stackable-columns stk-block-columns stk-block stk-1485224\" data-block-id=\"1485224\"><style>.stk-1485224{margin-right:9% !important;margin-bottom:10% !important;margin-left:9% !important}<\/style><div class=\"stk-row stk-inner-blocks stk-block-content stk-content-align stk-1485224-column\">\n<div class=\"wp-block-stackable-column stk-block-column stk-column stk-block stk-c0b92d0\" data-v=\"4\" data-block-id=\"c0b92d0\"><div class=\"stk-column-wrapper stk-block-column__content stk-container stk-c0b92d0-container stk--no-background stk--no-padding\"><div class=\"stk-block-content stk-inner-blocks stk-c0b92d0-inner-blocks\">\n<div class=\"wp-block-stackable-heading stk-block-heading stk-block-heading--v2 stk-block stk-fe546b4\" id=\"general-information\" data-block-id=\"fe546b4\"><h2 class=\"stk-block-heading__text stk-block-heading--use-theme-margins\">General information<\/h2><\/div>\n\n\n\n<div class=\"wp-block-stackable-text stk-block-text stk-block stk-07c878b\" data-block-id=\"07c878b\"><p class=\"stk-block-text__text\">Sementis.fr is the owner of the intellectual property rights or holds the rights of use on all the elements accessible on the site, in particular the texts, images, graphics, logos, icons, sounds and software. Any reproduction, representation, modification, publication, adaptation of all or part of the elements of the site, whatever the means or process used, is prohibited, except with the prior written authorisation of : ALTHODE<\/p><\/div>\n\n\n\n<div class=\"wp-block-stackable-text stk-block-text stk-block stk-f8761f9\" data-block-id=\"f8761f9\"><p class=\"stk-block-text__text\">Any unauthorised use of the site or of any of the elements it contains will be considered as constituting an infringement and will be prosecuted in accordance with the provisions of articles L.335-2 et seq. of the French Intellectual Property Code.<\/p><\/div>\n\n\n\n<div class=\"wp-block-stackable-heading stk-block-heading stk-block-heading--v2 stk-block stk-4f9a227\" id=\"personal-data\" data-block-id=\"4f9a227\"><h2 class=\"stk-block-heading__text\">Personal data<\/h2><\/div>\n\n\n\n<div class=\"wp-block-stackable-text stk-block-text stk-block stk-4653115\" data-block-id=\"4653115\"><p class=\"stk-block-text__text\">When you use our site, we may ask you to provide us with personal data about yourself.<\/p><\/div>\n\n\n\n<div class=\"wp-block-stackable-text stk-block-text stk-block stk-ba3bcc4\" data-block-id=\"ba3bcc4\"><p class=\"stk-block-text__text\">In collecting and managing your personal data, we comply with the current version of the French Data Protection Act no. 78-17 of 6 January 1978.<\/p><\/div>\n\n\n\n<div class=\"wp-block-stackable-text stk-block-text stk-block stk-64e34a5\" data-block-id=\"64e34a5\"><p class=\"stk-block-text__text\">The financial transactions relating to the payment of purchases and fees via the site are entrusted to a payment service provider, which ensures their smooth and secure processing. For the purposes of the services, this payment service provider may be required to receive your personal data relating to your bank card numbers, which it collects and stores in our name and on our behalf. We do not have access to this data.<\/p><\/div>\n\n\n\n<div class=\"wp-block-stackable-heading stk-block-heading stk-block-heading--v2 stk-block stk-aca9ce9\" id=\"company\" data-block-id=\"aca9ce9\"><h2 class=\"stk-block-heading__text\">Company<\/h2><\/div>\n\n\n\n<div class=\"wp-block-stackable-text stk-block-text stk-block stk-3b59158\" data-block-id=\"3b59158\"><p class=\"stk-block-text__text\">Publisher :<br>Althode<br>2 rue Gustave Eiffel<br>49124 Le Plessis-Grammoire<br>SAS (RCS 829 160 357)<br>contact@sementis.fr<\/p><\/div>\n\n\n\n<div class=\"wp-block-stackable-text stk-block-text stk-block stk-66cb58d\" data-block-id=\"66cb58d\"><p class=\"stk-block-text__text\">Design &amp; Graphics :<br>Sementis<\/p><\/div>\n\n\n\n<div class=\"wp-block-stackable-text stk-block-text stk-block stk-5025fc1\" data-block-id=\"5025fc1\"><p class=\"stk-block-text__text\">Photography :<br>Sementis<\/p><\/div>\n\n\n\n<div class=\"wp-block-stackable-text stk-block-text stk-block stk-edacb58\" data-block-id=\"edacb58\"><p class=\"stk-block-text__text\">Hosting : Empreinte Digitale<br>Empreinte Digitale &#8211; 11 Rue des Noyers, 49000 Angers &#8211; France<\/p><\/div>\n<\/div><\/div><\/div>\n<\/div><\/div>\n","protected":false},"excerpt":{"rendered":"<p>Legal information General information Sementis.fr is the owner of the intellectual property rights or holds the rights of use on all the elements accessible on the site, in particular the texts, images, graphics, logos, icons, sounds and software. Any reproduction, representation, modification, publication, adaptation of all or part of the elements of the site, whatever [&hellip;]<\/p>\n","protected":false},"author":2,"featured_media":0,"parent":0,"menu_order":0,"comment_status":"closed","ping_status":"closed","template":"","meta":{"editor_notices":[],"footnotes":""},"class_list":["post-49","page","type-page","status-publish","hentry"],"blocksy_meta":{"styles_descriptor":{"styles":{"desktop":"","tablet":"","mobile":""},"google_fonts":[],"version":6},"page_title_panel":"","has_hero_section":"disabled","0aefd1b10ba90e4ad4ea98c7eff6b3eb":"","hero_section":"type-2","hero_elements":[{"id":"custom_title","enabled":true,"heading_tag":"h1","title":"Accueil","__id":"F6JHs-tGuCzf-Fhn77YTs"},{"id":"custom_description","enabled":true,"description_visibility":{"desktop":true,"tablet":true,"mobile":false},"__id":"cVVdMcVHZcMCFicDjFMWi"},{"id":"custom_meta","enabled":false,"meta_elements":[{"id":"author","enabled":true,"label":"Par","has_author_avatar":"yes","avatar_size":25},{"id":"post_date","enabled":true,"label":"Sur","date_format_source":"default","date_format":"M j, Y"},{"id":"updated_date","enabled":false,"label":"Sur","date_format_source":"default","date_format":"M j, Y"},{"id":"categories","enabled":false,"label":"Dans","style":"simple"},{"id":"comments","enabled":true}],"page_meta_elements":{"joined":true,"articles_count":true,"comments":true},"__id":"3P1bqpPGJc1c9lkw6ge3S"},{"id":"breadcrumbs","enabled":false,"__id":"y0nkxiDFrQ3NHI49BdJaz"}],"fab2b4f575010669b5eac68d1d640adf":"","hero_alignment1":{"desktop":"left","tablet":"left","mobile":"left","__changed":[]},"hero_margin":40,"hero_alignment2":"center","hero_vertical_alignment":"center","2c12dc90bf29b8c269968c94447fcaaa":"","hero_structure":"narrow","6098695526c8889b61a6048df12f9681":"","page_title_bg_type":"featured_image","custom_hero_background":{"attachment_id":null},"page_title_image_size":"full","parallax":{"desktop":false,"tablet":false,"mobile":false},"ef14a151d3d9a6ccb578d6febb02d259":"","hero_height":"250px","pageTitleFont":{"family":"Default","variation":"Default","size":{"desktop":"50px","tablet":"50px","mobile":"50px","__changed":[]},"line-height":"CT_CSS_SKIP_RULE","letter-spacing":"CT_CSS_SKIP_RULE","text-transform":"CT_CSS_SKIP_RULE","text-decoration":"CT_CSS_SKIP_RULE"},"pageTitleFontColor":{"default":{"color":"CT_CSS_SKIP_RULEDEFAULT"}},"pageMetaFont":{"family":"Default","variation":"n6","size":"12px","line-height":"1.3","letter-spacing":"CT_CSS_SKIP_RULE","text-transform":"uppercase","text-decoration":"CT_CSS_SKIP_RULE"},"pageMetaFontColor":{"default":{"color":"CT_CSS_SKIP_RULEDEFAULT"},"hover":{"color":"CT_CSS_SKIP_RULEDEFAULT"}},"page_meta_button_type_font_colors":{"default":{"color":"CT_CSS_SKIP_RULEDEFAULT"},"hover":{"color":"CT_CSS_SKIP_RULEDEFAULT"}},"page_meta_button_type_background_colors":{"default":{"color":"CT_CSS_SKIP_RULEDEFAULT"},"hover":{"color":"CT_CSS_SKIP_RULEDEFAULT"}},"pageExcerptFont":{"family":"Default","variation":"Default","size":"CT_CSS_SKIP_RULE","line-height":"CT_CSS_SKIP_RULE","letter-spacing":"CT_CSS_SKIP_RULE","text-transform":"CT_CSS_SKIP_RULE","text-decoration":"CT_CSS_SKIP_RULE"},"pageExcerptColor":{"default":{"color":"CT_CSS_SKIP_RULEDEFAULT"}},"breadcrumbsFont":{"family":"Default","variation":"Default","size":"CT_CSS_SKIP_RULE","line-height":"CT_CSS_SKIP_RULE","letter-spacing":"CT_CSS_SKIP_RULE","text-transform":"CT_CSS_SKIP_RULE","text-decoration":"CT_CSS_SKIP_RULE"},"breadcrumbsFontColor":{"default":{"color":"CT_CSS_SKIP_RULEDEFAULT"},"initial":{"color":"CT_CSS_SKIP_RULEDEFAULT"},"hover":{"color":"CT_CSS_SKIP_RULEDEFAULT"}},"pageTitleOverlay":{"background_type":"color","background_pattern":"type-1","background_image":{"attachment_id":null,"x":0,"y":0},"gradient":"linear-gradient(135deg,rgba(6,147,227,1) 0%,rgb(155,81,224) 100%)","background_repeat":"repeat","background_size":"auto","background_attachment":"scroll","patternColor":{"default":{"color":"#e5e7ea"}},"overlayColor":{"default":{"color":"CT_CSS_SKIP_RULE"}},"backgroundColor":{"default":{"color":"CT_CSS_SKIP_RULE"}}},"pageTitleBackground":{"background_type":"color","background_pattern":"type-1","background_image":{"attachment_id":null,"x":0,"y":0},"gradient":"linear-gradient(135deg,rgba(6,147,227,1) 0%,rgb(155,81,224) 100%)","background_repeat":"repeat","background_size":"auto","background_attachment":"scroll","patternColor":{"default":{"color":"#e5e7ea"}},"overlayColor":{"default":{"color":"CT_CSS_SKIP_RULE"}},"backgroundColor":{"default":{"color":"var(--theme-palette-color-6)"}}},"pageTitlePadding":{"top":"50px","bottom":"50px","left":"auto","right":"auto","linked":true},"685c2f1a1638518f90a2db487c774678":"","page_structure_type":"default","29d0cb54c9e3f6cfc9624c72725451fd":"","content_style_source":"inherit","content_style":"wide","vertical_spacing_source":"inherit","content_area_spacing":"both","background":{"background_type":"color","background_pattern":"type-1","background_image":{"attachment_id":null,"x":0,"y":0},"gradient":"linear-gradient(135deg,rgba(6,147,227,1) 0%,rgb(155,81,224) 100%)","background_repeat":"repeat","background_size":"auto","background_attachment":"scroll","patternColor":{"default":{"color":"#e5e7ea"}},"overlayColor":{"default":{"color":"CT_CSS_SKIP_RULE"}},"backgroundColor":{"default":{"color":"CT_CSS_SKIP_RULE"}}},"content_background":{"background_type":"color","background_pattern":"type-1","background_image":{"attachment_id":null,"x":0,"y":0},"gradient":"linear-gradient(135deg,rgba(6,147,227,1) 0%,rgb(155,81,224) 100%)","background_repeat":"repeat","background_size":"auto","background_attachment":"scroll","patternColor":{"default":{"color":"#e5e7ea"}},"overlayColor":{"default":{"color":"CT_CSS_SKIP_RULE"}},"backgroundColor":{"default":{"color":"var(--theme-palette-color-8)"}}},"content_boxed_shadow":{"inherit":false,"blur":18,"spread":-6,"v_offset":12,"h_offset":0,"inset":false,"enable":true,"color":{"color":"rgba(34, 56, 101, 0.04)"}},"content_boxed_border":{"width":1,"style":"none","color":{"color":"rgba(44,62,80,0.2)"}},"content_boxed_radius":{"top":"3px","bottom":"3px","left":"3px","right":"3px","linked":true},"boxed_content_spacing":{"desktop":{"top":"40px","bottom":"40px","left":"40px","right":"40px","linked":true},"tablet":{"top":"35px","bottom":"35px","left":"35px","right":"35px","linked":true},"mobile":{"top":"20px","bottom":"20px","left":"20px","right":"20px","linked":true}},"334a7652e44e1ee1d403a0424d37288f":"","disable_featured_image":"no","disable_share_box":"no","disable_header":"no","disable_footer":"no"},"yoast_head":"<!-- This site is optimized with the Yoast SEO plugin v26.6 - https:\/\/yoast.com\/wordpress\/plugins\/seo\/ -->\n<title>Mentions l\u00e9gales | Sementis - EN<\/title>\n<meta name=\"description\" content=\"D\u00e9couvrez les mentions l\u00e9gales du site Sementis.fr. Vous en saurez davantage sur les informations g\u00e9n\u00e9rales, les donn\u00e9es personnelles et l&#039;entreprise de ce site internet.\" \/>\n<meta name=\"robots\" content=\"index, follow, max-snippet:-1, max-image-preview:large, max-video-preview:-1\" \/>\n<link rel=\"canonical\" href=\"https:\/\/www.sementis.fr\/en\/legal-information\/\" \/>\n<meta property=\"og:locale\" content=\"en_GB\" \/>\n<meta property=\"og:type\" content=\"article\" \/>\n<meta property=\"og:title\" content=\"Mentions l\u00e9gales | Sementis - EN\" \/>\n<meta property=\"og:description\" content=\"D\u00e9couvrez les mentions l\u00e9gales du site Sementis.fr. Vous en saurez davantage sur les informations g\u00e9n\u00e9rales, les donn\u00e9es personnelles et l&#039;entreprise de ce site internet.\" \/>\n<meta property=\"og:url\" content=\"https:\/\/www.sementis.fr\/en\/legal-information\/\" \/>\n<meta property=\"og:site_name\" content=\"Sementis - EN\" \/>\n<meta property=\"article:modified_time\" content=\"2024-06-14T12:59:58+00:00\" \/>\n<meta property=\"og:image\" content=\"https:\/\/www.sementis.fr\/en\/wp-content\/uploads\/sites\/7\/2022\/12\/fabricant-objets-quotidien.webp\" \/>\n\t<meta property=\"og:image:width\" content=\"1132\" \/>\n\t<meta property=\"og:image:height\" content=\"621\" \/>\n\t<meta property=\"og:image:type\" content=\"image\/webp\" \/>\n<meta name=\"twitter:card\" content=\"summary_large_image\" \/>\n<meta name=\"twitter:title\" content=\"Mentions l\u00e9gales | Sementis - EN\" \/>\n<meta name=\"twitter:description\" content=\"D\u00e9couvrez les mentions l\u00e9gales du site Sementis.fr. Vous en saurez davantage sur les informations g\u00e9n\u00e9rales, les donn\u00e9es personnelles et l&#039;entreprise de ce site internet.\" \/>\n<meta name=\"twitter:image\" content=\"https:\/\/www.sementis.fr\/en\/wp-content\/uploads\/sites\/7\/2022\/12\/fabricant-objets-quotidien.webp\" \/>\n<meta name=\"twitter:label1\" content=\"Estimated reading time\" \/>\n\t<meta name=\"twitter:data1\" content=\"2 minutes\" \/>\n<script type=\"application\/ld+json\" class=\"yoast-schema-graph\">{\"@context\":\"https:\/\/schema.org\",\"@graph\":[{\"@type\":\"WebPage\",\"@id\":\"https:\/\/www.sementis.fr\/en\/legal-information\/\",\"url\":\"https:\/\/www.sementis.fr\/en\/legal-information\/\",\"name\":\"Mentions l\u00e9gales | Sementis - EN\",\"isPartOf\":{\"@id\":\"https:\/\/www.sementis.fr\/en\/#website\"},\"datePublished\":\"2022-11-30T17:55:23+00:00\",\"dateModified\":\"2024-06-14T12:59:58+00:00\",\"description\":\"D\u00e9couvrez les mentions l\u00e9gales du site Sementis.fr. Vous en saurez davantage sur les informations g\u00e9n\u00e9rales, les donn\u00e9es personnelles et l'entreprise de ce site internet.\",\"breadcrumb\":{\"@id\":\"https:\/\/www.sementis.fr\/en\/legal-information\/#breadcrumb\"},\"inLanguage\":\"en-GB\",\"potentialAction\":[{\"@type\":\"ReadAction\",\"target\":[\"https:\/\/www.sementis.fr\/en\/legal-information\/\"]}]},{\"@type\":\"BreadcrumbList\",\"@id\":\"https:\/\/www.sementis.fr\/en\/legal-information\/#breadcrumb\",\"itemListElement\":[{\"@type\":\"ListItem\",\"position\":1,\"name\":\"Accueil\",\"item\":\"https:\/\/www.sementis.fr\/en\/\"},{\"@type\":\"ListItem\",\"position\":2,\"name\":\"Legal information\"}]},{\"@type\":\"WebSite\",\"@id\":\"https:\/\/www.sementis.fr\/en\/#website\",\"url\":\"https:\/\/www.sementis.fr\/en\/\",\"name\":\"Sementis\",\"description\":\"Manufacturer of everyday objects\",\"publisher\":{\"@id\":\"https:\/\/www.sementis.fr\/en\/#organization\"},\"alternateName\":\"Sementis - Manufacturer of everyday objects\",\"potentialAction\":[{\"@type\":\"SearchAction\",\"target\":{\"@type\":\"EntryPoint\",\"urlTemplate\":\"https:\/\/www.sementis.fr\/en\/?s={search_term_string}\"},\"query-input\":{\"@type\":\"PropertyValueSpecification\",\"valueRequired\":true,\"valueName\":\"search_term_string\"}}],\"inLanguage\":\"en-GB\"},{\"@type\":\"Organization\",\"@id\":\"https:\/\/www.sementis.fr\/en\/#organization\",\"name\":\"Sementis\",\"alternateName\":\"Sementis - Manufacturer of everyday objects\",\"url\":\"https:\/\/www.sementis.fr\/en\/\",\"logo\":{\"@type\":\"ImageObject\",\"inLanguage\":\"en-GB\",\"@id\":\"https:\/\/www.sementis.fr\/en\/#\/schema\/logo\/image\/\",\"url\":\"https:\/\/www.sementis.fr\/en\/wp-content\/uploads\/sites\/7\/2024\/05\/logo-sementis-complete.svg\",\"contentUrl\":\"https:\/\/www.sementis.fr\/en\/wp-content\/uploads\/sites\/7\/2024\/05\/logo-sementis-complete.svg\",\"width\":1587.63,\"height\":759.26,\"caption\":\"Sementis\"},\"image\":{\"@id\":\"https:\/\/www.sementis.fr\/en\/#\/schema\/logo\/image\/\"},\"sameAs\":[\"https:\/\/www.linkedin.com\/company\/sementis\/\"]}]}<\/script>\n<!-- \/ Yoast SEO plugin. -->","yoast_head_json":{"title":"Mentions l\u00e9gales | Sementis - EN","description":"D\u00e9couvrez les mentions l\u00e9gales du site Sementis.fr. Vous en saurez davantage sur les informations g\u00e9n\u00e9rales, les donn\u00e9es personnelles et l'entreprise de ce site internet.","robots":{"index":"index","follow":"follow","max-snippet":"max-snippet:-1","max-image-preview":"max-image-preview:large","max-video-preview":"max-video-preview:-1"},"canonical":"https:\/\/www.sementis.fr\/en\/legal-information\/","og_locale":"en_GB","og_type":"article","og_title":"Mentions l\u00e9gales | Sementis - EN","og_description":"D\u00e9couvrez les mentions l\u00e9gales du site Sementis.fr. Vous en saurez davantage sur les informations g\u00e9n\u00e9rales, les donn\u00e9es personnelles et l'entreprise de ce site internet.","og_url":"https:\/\/www.sementis.fr\/en\/legal-information\/","og_site_name":"Sementis - EN","article_modified_time":"2024-06-14T12:59:58+00:00","og_image":[{"width":1132,"height":621,"url":"https:\/\/www.sementis.fr\/en\/wp-content\/uploads\/sites\/7\/2022\/12\/fabricant-objets-quotidien.webp","type":"image\/webp"}],"twitter_card":"summary_large_image","twitter_title":"Mentions l\u00e9gales | Sementis - EN","twitter_description":"D\u00e9couvrez les mentions l\u00e9gales du site Sementis.fr. Vous en saurez davantage sur les informations g\u00e9n\u00e9rales, les donn\u00e9es personnelles et l'entreprise de ce site internet.","twitter_image":"https:\/\/www.sementis.fr\/en\/wp-content\/uploads\/sites\/7\/2022\/12\/fabricant-objets-quotidien.webp","twitter_misc":{"Estimated reading time":"2 minutes"},"schema":{"@context":"https:\/\/schema.org","@graph":[{"@type":"WebPage","@id":"https:\/\/www.sementis.fr\/en\/legal-information\/","url":"https:\/\/www.sementis.fr\/en\/legal-information\/","name":"Mentions l\u00e9gales | Sementis - EN","isPartOf":{"@id":"https:\/\/www.sementis.fr\/en\/#website"},"datePublished":"2022-11-30T17:55:23+00:00","dateModified":"2024-06-14T12:59:58+00:00","description":"D\u00e9couvrez les mentions l\u00e9gales du site Sementis.fr. Vous en saurez davantage sur les informations g\u00e9n\u00e9rales, les donn\u00e9es personnelles et l'entreprise de ce site internet.","breadcrumb":{"@id":"https:\/\/www.sementis.fr\/en\/legal-information\/#breadcrumb"},"inLanguage":"en-GB","potentialAction":[{"@type":"ReadAction","target":["https:\/\/www.sementis.fr\/en\/legal-information\/"]}]},{"@type":"BreadcrumbList","@id":"https:\/\/www.sementis.fr\/en\/legal-information\/#breadcrumb","itemListElement":[{"@type":"ListItem","position":1,"name":"Accueil","item":"https:\/\/www.sementis.fr\/en\/"},{"@type":"ListItem","position":2,"name":"Legal information"}]},{"@type":"WebSite","@id":"https:\/\/www.sementis.fr\/en\/#website","url":"https:\/\/www.sementis.fr\/en\/","name":"Sementis","description":"Manufacturer of everyday objects","publisher":{"@id":"https:\/\/www.sementis.fr\/en\/#organization"},"alternateName":"Sementis - Manufacturer of everyday objects","potentialAction":[{"@type":"SearchAction","target":{"@type":"EntryPoint","urlTemplate":"https:\/\/www.sementis.fr\/en\/?s={search_term_string}"},"query-input":{"@type":"PropertyValueSpecification","valueRequired":true,"valueName":"search_term_string"}}],"inLanguage":"en-GB"},{"@type":"Organization","@id":"https:\/\/www.sementis.fr\/en\/#organization","name":"Sementis","alternateName":"Sementis - Manufacturer of everyday objects","url":"https:\/\/www.sementis.fr\/en\/","logo":{"@type":"ImageObject","inLanguage":"en-GB","@id":"https:\/\/www.sementis.fr\/en\/#\/schema\/logo\/image\/","url":"https:\/\/www.sementis.fr\/en\/wp-content\/uploads\/sites\/7\/2024\/05\/logo-sementis-complete.svg","contentUrl":"https:\/\/www.sementis.fr\/en\/wp-content\/uploads\/sites\/7\/2024\/05\/logo-sementis-complete.svg","width":1587.63,"height":759.26,"caption":"Sementis"},"image":{"@id":"https:\/\/www.sementis.fr\/en\/#\/schema\/logo\/image\/"},"sameAs":["https:\/\/www.linkedin.com\/company\/sementis\/"]}]}},"featured_image_urls":{"full":"","thumbnail":"","medium":"","medium_large":"","large":"","1536x1536":"","2048x2048":"","gform-image-choice-sm":"","gform-image-choice-md":"","gform-image-choice-lg":""},"post_excerpt_stackable":"<p>Legal information General information Sementis.fr is the owner of the intellectual property rights or holds the rights of use on all the elements accessible on the site, in particular the texts, images, graphics, logos, icons, sounds and software. Any reproduction, representation, modification, publication, adaptation of all or part of the elements of the site, whatever the means or process used, is prohibited, except with the prior written authorisation of : ALTHODE Any unauthorised use of the site or of any of the elements it contains will be considered as constituting an infringement and will be prosecuted in accordance with the&hellip;<\/p>\n","category_list":"","author_info":{"name":"","url":"https:\/\/www.sementis.fr\/en\/author\/"},"comments_num":"0 comments","_links":{"self":[{"href":"https:\/\/www.sementis.fr\/en\/wp-json\/wp\/v2\/pages\/49","targetHints":{"allow":["GET"]}}],"collection":[{"href":"https:\/\/www.sementis.fr\/en\/wp-json\/wp\/v2\/pages"}],"about":[{"href":"https:\/\/www.sementis.fr\/en\/wp-json\/wp\/v2\/types\/page"}],"author":[{"embeddable":true,"href":"https:\/\/www.sementis.fr\/en\/wp-json\/wp\/v2\/users\/2"}],"replies":[{"embeddable":true,"href":"https:\/\/www.sementis.fr\/en\/wp-json\/wp\/v2\/comments?post=49"}],"version-history":[{"count":15,"href":"https:\/\/www.sementis.fr\/en\/wp-json\/wp\/v2\/pages\/49\/revisions"}],"predecessor-version":[{"id":1142,"href":"https:\/\/www.sementis.fr\/en\/wp-json\/wp\/v2\/pages\/49\/revisions\/1142"}],"wp:attachment":[{"href":"https:\/\/www.sementis.fr\/en\/wp-json\/wp\/v2\/media?parent=49"}],"curies":[{"name":"wp","href":"https:\/\/api.w.org\/{rel}","templated":true}]}}